{"id":3683,"date":"2026-01-26T11:25:10","date_gmt":"2026-01-26T11:25:10","guid":{"rendered":"https:\/\/parmast.com\/?page_id=3683"},"modified":"2026-01-26T14:05:17","modified_gmt":"2026-01-26T14:05:17","slug":"blog","status":"publish","type":"page","link":"https:\/\/parmast.com\/en\/blog\/","title":{"rendered":"Blog"},"content":{"rendered":"\t\t<div data-elementor-type=\"wp-page\" data-elementor-id=\"3683\" class=\"elementor elementor-3683 elementor-3631\" data-elementor-post-type=\"page\">\n\t\t\t\t\t\t<section class=\"elementor-section elementor-top-section elementor-element elementor-element-5b63fda elementor-section-full_width elementor-section-height-min-height elementor-section-height-default elementor-section-items-middle\" data-id=\"5b63fda\" data-element_type=\"section\" data-e-type=\"section\" data-settings=\"{&quot;background_background&quot;:&quot;classic&quot;}\">\n\t\t\t\t\t\t\t<div class=\"elementor-background-overlay\"><\/div>\n\t\t\t\t\t\t\t<div class=\"elementor-container elementor-column-gap-default\">\n\t\t\t\t\t<div class=\"elementor-column elementor-col-100 elementor-top-column elementor-element elementor-element-bf31974\" data-id=\"bf31974\" data-element_type=\"column\" data-e-type=\"column\">\n\t\t\t<div class=\"elementor-widget-wrap elementor-element-populated\">\n\t\t\t\t\t\t<div class=\"elementor-element elementor-element-11d93bb elementor-widget elementor-widget-heading\" data-id=\"11d93bb\" data-element_type=\"widget\" data-e-type=\"widget\" data-widget_type=\"heading.default\">\n\t\t\t\t<div class=\"elementor-widget-container\">\n\t\t\t\t\t<h2 class=\"elementor-heading-title elementor-size-default\">Blog<\/h2>\t\t\t\t<\/div>\n\t\t\t\t<\/div>\n\t\t\t\t\t<\/div>\n\t\t<\/div>\n\t\t\t\t\t<\/div>\n\t\t<\/section>\n\t\t\t\t<section class=\"elementor-section elementor-top-section elementor-element elementor-element-1180df5 elementor-section-boxed elementor-section-height-default elementor-section-height-default\" data-id=\"1180df5\" data-element_type=\"section\" data-e-type=\"section\">\n\t\t\t\t\t\t<div class=\"elementor-container elementor-column-gap-default\">\n\t\t\t\t\t<div class=\"elementor-column elementor-col-100 elementor-top-column elementor-element elementor-element-e1444e8\" data-id=\"e1444e8\" data-element_type=\"column\" data-e-type=\"column\">\n\t\t\t<div class=\"elementor-widget-wrap elementor-element-populated\">\n\t\t\t\t\t\t<div class=\"elementor-element elementor-element-ca0eaa0 elementor-widget elementor-widget-ucaddon_post_grid\" data-id=\"ca0eaa0\" data-element_type=\"widget\" data-e-type=\"widget\" data-widget_type=\"ucaddon_post_grid.default\">\n\t\t\t\t<div class=\"elementor-widget-container\">\n\t\t\t\t\t\n<!-- start Post Grid -->\n\t\t<link id='font-awesome-css' href='https:\/\/parmast.com\/wp-content\/plugins\/unlimited-elements-for-elementor-premium\/assets_libraries\/font-awesome6\/fontawesome-all.min.css' type='text\/css' rel='stylesheet' >\n\t\t<link id='font-awesome-4-shim-css' href='https:\/\/parmast.com\/wp-content\/plugins\/unlimited-elements-for-elementor-premium\/assets_libraries\/font-awesome6\/fontawesome-v4-shims.min.css' type='text\/css' rel='stylesheet' >\n\n<style>\/* widget: Post Grid *\/\n\n\n\n#uc_post_grid_elementor_ca0eaa0{\n  min-height: 1px;\n}\n\n#uc_post_grid_elementor_ca0eaa0.uc_post_grid_style_one .uc_post_grid_style_one_wrap {\n   display:grid;\n}\n\n\n#uc_post_grid_elementor_ca0eaa0 .uc_post_grid_style_one_item{\n  position:relative;\n}\n\n#uc_post_grid_elementor_ca0eaa0 .uc_post_image{\n  transition:0.3s;\n  position:relative;\n  overflow:hidden;\n}\n\n#uc_post_grid_elementor_ca0eaa0 .uc_post_image img{\n  width:100%;\n  display:block;\n  transition:0.3s;\n}\n\n\t\n\n#uc_post_grid_elementor_ca0eaa0 .uc_post_image_overlay{\n  position:absolute;\n  top:0px;\n  left:0px;\n  height:100%;\n  width:100%;\n  transition:0.3s;\n}\n\n#uc_post_grid_elementor_ca0eaa0 .uc_more_btn-custom-field{\n  display:inline-block;\n  text-align:center;\n  text-decoration:none;\n  transition:0.3s;\n}\n\n#uc_post_grid_elementor_ca0eaa0 .uc_more_btn{\n  display:inline-block;\n  text-align:center;\n  text-decoration:none;\n  transition:0.3s;\n}\n\n.ue-grid-item-category a{\n  display:inline-block;\n  font-size:10px;\n  position: relative;\n  z-index: 1;\n}\n\n#uc_post_grid_elementor_ca0eaa0 .ue-grid-item-posttype{\n  display:inline-block;\n  position: relative;\n  z-index: 1;\n}\n\n\n.uc_post_title{\n  font-size:21px;\n}\n\n\n#uc_post_grid_elementor_ca0eaa0.uc_post_grid_style_one.ue-list-view .uc_content{\n flex-grow:1;\n}\n\n\n  #uc_post_grid_elementor_ca0eaa0:not(.ue-list-view) .ue_post_grid_item{\n    display:flex;\n    flex-direction:column;\n  }\n  \n  #uc_post_grid_elementor_ca0eaa0.uc_post_grid_style_one:not(.ue-list-view) .uc_content{\n   flex-grow:1;\n  }\n\n  #uc_post_grid_elementor_ca0eaa0.uc_post_grid_style_one .uc_content > div{\n    height:100%;\n    display:flex;\n    flex-direction:column;\n    justify-content: space-between;  }\n\n    #uc_post_grid_elementor_ca0eaa0 .uc_post_button   {\n     margin-top:auto;\n   }\n  \n\n\n\n\n\n\n\n\n\n\n\n\n\/*  for grid\/list layout switcher*\/\n\t#uc_post_grid_elementor_ca0eaa0.ue-list-view .uc_post_grid_style_one_item {\n     display:flex;  \n     flex-direction:row;\n    }\n    #uc_post_grid_elementor_ca0eaa0.ue-list-view .uc_post_grid_style_one_item > div{\n     width:50%;\n    }\n   \n    #uc_post_grid_elementor_ca0eaa0.ue-list-view .uc_content    {\n      display:flex;\n      flex-direction:column;\n      justify-content:center;\n    }\n \n\/*  for grid\/list layout switcher*\/\n\n#uc_post_grid_elementor_ca0eaa0 .ue-meta-data{  \n  display:flex !important;\n  flex-wrap: wrap;\n  line-height:1em;\n}\n\n#uc_post_grid_elementor_ca0eaa0 .ue-grid-item-meta-data{\n  display:inline-flex;\n  align-items:center;\n}\n\n#uc_post_grid_elementor_ca0eaa0 .ue-grid-item-meta-data a{\n  color:inherit;\n}\n\n.ue-grid-item-meta-data{\n  font-size:12px;\n}\n\n#uc_post_grid_elementor_ca0eaa0 .ue-grid-item-meta-data-icon{\n  line-height:1em;\n}\n\n#uc_post_grid_elementor_ca0eaa0 .ue-grid-item-meta-data-icon svg{\n  width:1em;\n  height:1em;\n}\n\n#uc_post_grid_elementor_ca0eaa0 .ue-debug-meta{\n  padding:10px;\n  border:1px solid red;\n  position:relative;\n  line-height:1.5em;\n  font-size:11px;\n  width:100%;\n}\n\n#uc_post_grid_elementor_ca0eaa0 .uc_btn_inner{\n  display:inline-flex;\n  align-items:center;\n  pointer-events:none;\n}\n\n#uc_post_grid_elementor_ca0eaa0 .uc_btn_inner svg{\n  width:1em;\n  height:1em;\n}\n#uc_post_grid_elementor_ca0eaa0 .ue_p_title{\n  pointer-events:none;\n}\n\n\n#uc_post_grid_elementor_ca0eaa0 .uc_content_inner{\n  width: 100%;\n}\n\n\n#uc_post_grid_elementor_ca0eaa0 .view-switcher-button{\n  display: flex;\n  align-items: center;\n}\n\n#uc_post_grid_elementor_ca0eaa0 .view-switcher-icon{\n  display: flex;\n  align-items: center;\n  line-height: 1;\n  cursor: pointer;\n  transition: all .3s ease;\n}\n\n#uc_post_grid_elementor_ca0eaa0 .view-switcher-icon svg{\n  height:1em;\n  width:1em;\n}\n\n#uc_post_grid_elementor_ca0eaa0 .view-switcher-icon.ue-hidden{\n  display: none;\n}\n\n\n#uc_post_grid_elementor_ca0eaa0_item1 [href=\"javascript:void(0)\"]{\n  cursor: unset;\n}\n\n\n#uc_post_grid_elementor_ca0eaa0_item2 [href=\"javascript:void(0)\"]{\n  cursor: unset;\n}\n\n\n#uc_post_grid_elementor_ca0eaa0_item3 [href=\"javascript:void(0)\"]{\n  cursor: unset;\n}\n\n\n<\/style>\n\n<div id=\"uc_post_grid_elementor_ca0eaa0\" class=\"uc_post_grid_style_one \"  >\n  \t\n  <div class=\"uc_post_grid_style_one_wrap ue_post_grid uc-items-wrapper ue-woo-grid\">\n    \n\n\n\n\n<div id=\"uc_post_grid_elementor_ca0eaa0_item1\" class=\"uc_post_grid_style_one_item ue_post_grid_item ue-item \">\n  \n      <a class=\"uc_post_grid_style_one_image \" href='https:\/\/parmast.com\/en\/temperature-maintenance-and-anti-legionella-treatments-on-domestic-hot-water-systems\/' target=\"_self\">\n     <div class=\"uc_post_image\">\n       <img fetchpriority=\"high\" decoding=\"async\" src=\"https:\/\/parmast.com\/wp-content\/uploads\/shutterstock_2704347619-768x512.jpg\"  src=\"https:\/\/parmast.com\/wp-content\/uploads\/shutterstock_2704347619-768x512.jpg\" alt=\"un operatore che si occupa di eseguire trattamenti antilegionella su impianti di acqua calda sanitaria\" width=\"768\" height=\"512\">\n       <div class=\"uc_post_image_overlay\"><\/div>\n     <\/div>\n    <\/a>\n   \n  <div class=\"uc_content\">\n    <div class=\"uc_content_inner\">\n      <div class=\"uc_content-info-wrapper\" >\n                \n                            \n        <div class=\"uc_post_title\"><a class=\"\" href='https:\/\/parmast.com\/en\/temperature-maintenance-and-anti-legionella-treatments-on-domestic-hot-water-systems\/' target=\"_self\"><div class=\"ue_p_title\">Temperature maintenance and anti-legionella treatments on domestic hot water systems<\/div><\/a><\/div>\t\n                 \n          <div class=\"ue-meta-data\">\n            \n                \t    \n                \n        \n\t\n                \n                \n                \n                \n    \t\t\t\n      \n            \n  <\/div>\t\n        \t<div class=\"uc_post_text\">The maintenance of temperature in domestic hot water systems is an issue that concerns not only energy...<\/div>\n     \n                   \n                         \n                                              \n      <\/div>                      \n            <div class=\"uc_post_button\">\n        \n        <a class=\"uc_more_btn \" target=\"_blank\" href='https:\/\/parmast.com\/en\/temperature-maintenance-and-anti-legionella-treatments-on-domestic-hot-water-systems\/'>\n          <div class=\"uc_btn_inner\">\n            <div class=\"uc_btn_txt\">Learn more<\/div>\n                      <\/div>\n      \t<\/a>\n        \n                \n      <\/div>                           \n \t<\/div>  <\/div>      \n        \n<\/div>\n\n\n\n\n\n<div id=\"uc_post_grid_elementor_ca0eaa0_item2\" class=\"uc_post_grid_style_one_item ue_post_grid_item ue-item \">\n  \n      <a class=\"uc_post_grid_style_one_image \" href='https:\/\/parmast.com\/en\/heating-cable-installation-and-leak-detection-process-expertise-and-advantages-of-a-complete-professional-service\/' target=\"_self\">\n     <div class=\"uc_post_image\">\n       <img decoding=\"async\" src=\"https:\/\/parmast.com\/wp-content\/uploads\/installazione-cavi-scaldanti-Parma-ST-768x512.jpg\"  src=\"https:\/\/parmast.com\/wp-content\/uploads\/installazione-cavi-scaldanti-Parma-ST-768x512.jpg\" alt=\"un professionista intento nell&#039;installazione di cavi scaldanti\" width=\"768\" height=\"512\">\n       <div class=\"uc_post_image_overlay\"><\/div>\n     <\/div>\n    <\/a>\n   \n  <div class=\"uc_content\">\n    <div class=\"uc_content_inner\">\n      <div class=\"uc_content-info-wrapper\" >\n                \n                            \n        <div class=\"uc_post_title\"><a class=\"\" href='https:\/\/parmast.com\/en\/heating-cable-installation-and-leak-detection-process-expertise-and-advantages-of-a-complete-professional-service\/' target=\"_self\"><div class=\"ue_p_title\">Heating cable installation and leak detection: process, expertise, and advantages of a complete professional service<\/div><\/a><\/div>\t\n                 \n          <div class=\"ue-meta-data\">\n            \n                \t    \n                \n        \n\t\n                \n                \n                \n                \n    \t\t\t\n      \n            \n  <\/div>\t\n        \t<div class=\"uc_post_text\">The installation of heating cables and leak detection systems requires specialist expertise and has a...<\/div>\n     \n                   \n                         \n                                              \n      <\/div>                      \n            <div class=\"uc_post_button\">\n        \n        <a class=\"uc_more_btn \" target=\"_blank\" href='https:\/\/parmast.com\/en\/heating-cable-installation-and-leak-detection-process-expertise-and-advantages-of-a-complete-professional-service\/'>\n          <div class=\"uc_btn_inner\">\n            <div class=\"uc_btn_txt\">Learn more<\/div>\n                      <\/div>\n      \t<\/a>\n        \n                \n      <\/div>                           \n \t<\/div>  <\/div>      \n        \n<\/div>\n\n\n\n\n\n<div id=\"uc_post_grid_elementor_ca0eaa0_item3\" class=\"uc_post_grid_style_one_item ue_post_grid_item ue-item \">\n  \n      <a class=\"uc_post_grid_style_one_image \" href='https:\/\/parmast.com\/en\/design-and-manufacturing-of-electrical-control-panels-for-industrial-and-civil-applications\/' target=\"_self\">\n     <div class=\"uc_post_image\">\n       <img decoding=\"async\" src=\"https:\/\/parmast.com\/wp-content\/uploads\/Realizzazione-di-quadri-elettrici-industriali-e-civili-768x411.jpg\"  src=\"https:\/\/parmast.com\/wp-content\/uploads\/Realizzazione-di-quadri-elettrici-industriali-e-civili-768x411.jpg\" alt=\"Operaio che si occupa della realizzazione di quadri elettrici\" width=\"768\" height=\"411\">\n       <div class=\"uc_post_image_overlay\"><\/div>\n     <\/div>\n    <\/a>\n   \n  <div class=\"uc_content\">\n    <div class=\"uc_content_inner\">\n      <div class=\"uc_content-info-wrapper\" >\n                \n                            \n        <div class=\"uc_post_title\"><a class=\"\" href='https:\/\/parmast.com\/en\/design-and-manufacturing-of-electrical-control-panels-for-industrial-and-civil-applications\/' target=\"_self\"><div class=\"ue_p_title\">Design and construction of electrical panels for industrial and civil applications<\/div><\/a><\/div>\t\n                 \n          <div class=\"ue-meta-data\">\n            \n                \t    \n                \n        \n\t\n                \n                \n                \n                \n    \t\t\t\n      \n            \n  <\/div>\t\n        \t<div class=\"uc_post_text\">The design and manufacture of electrical panels forms the backbone of any electrical system, both in...<\/div>\n     \n                   \n                         \n                                              \n      <\/div>                      \n            <div class=\"uc_post_button\">\n        \n        <a class=\"uc_more_btn \" target=\"_blank\" href='https:\/\/parmast.com\/en\/design-and-manufacturing-of-electrical-control-panels-for-industrial-and-civil-applications\/'>\n          <div class=\"uc_btn_inner\">\n            <div class=\"uc_btn_txt\">Learn more<\/div>\n                      <\/div>\n      \t<\/a>\n        \n                \n      <\/div>                           \n \t<\/div>  <\/div>      \n        \n<\/div>\n\n  <\/div>\n<\/div>\n\n  <div id=\"uc_post_grid_elementor_ca0eaa0_empty_message\" class=\"ue-no-posts-found\"  style=\"display:none\" >Nessun articolo<\/div>\n\n<!-- end Post Grid -->\t\t\t\t<\/div>\n\t\t\t\t<\/div>\n\t\t\t\t\t<\/div>\n\t\t<\/div>\n\t\t\t\t\t<\/div>\n\t\t<\/section>\n\t\t\t\t<\/div>\n\t\t","protected":false},"excerpt":{"rendered":"<p>Blog Design and construction of electrical panels for industrial and civil applications The design and manufacture of electrical panels forms the backbone of any electrical system, both in&#8230; Learn more Nessun articolo<\/p>\n","protected":false},"author":5,"featured_media":0,"parent":0,"menu_order":0,"comment_status":"closed","ping_status":"closed","template":"","meta":{"footnotes":""},"class_list":["post-3683","page","type-page","status-publish","hentry"],"yoast_head":"<!-- This site is optimized with the Yoast SEO plugin v26.8 - https:\/\/yoast.com\/product\/yoast-seo-wordpress\/ -->\n<title>Blog - ParmaSt<\/title>\n<meta name=\"description\" content=\"Parma ST S.r.l. \u00e8 una societ\u00e0 che vanta pi\u00f9 di 30 anni di esperienza e ha come missione la consulenza e la distribuzione ufficiale dei cavi scaldanti\" \/>\n<meta name=\"robots\" content=\"index, follow, max-snippet:-1, max-image-preview:large, max-video-preview:-1\" \/>\n<link rel=\"canonical\" href=\"https:\/\/parmast.com\/en\/blog\/\" \/>\n<meta property=\"og:locale\" content=\"en_US\" \/>\n<meta property=\"og:type\" content=\"article\" \/>\n<meta property=\"og:title\" content=\"Blog - ParmaSt\" \/>\n<meta property=\"og:description\" content=\"Parma ST S.r.l. \u00e8 una societ\u00e0 che vanta pi\u00f9 di 30 anni di esperienza e ha come missione la consulenza e la distribuzione ufficiale dei cavi scaldanti\" \/>\n<meta property=\"og:url\" content=\"https:\/\/parmast.com\/en\/blog\/\" \/>\n<meta property=\"og:site_name\" content=\"ParmaSt\" \/>\n<meta property=\"article:modified_time\" content=\"2026-01-26T14:05:17+00:00\" \/>\n<meta property=\"og:image\" content=\"https:\/\/parmast.com\/wp-content\/uploads\/Realizzazione-di-quadri-elettrici-industriali-e-civili-768x411.jpg\" \/>\n<meta name=\"twitter:card\" content=\"summary_large_image\" \/>\n<script type=\"application\/ld+json\" class=\"yoast-schema-graph\">{\"@context\":\"https:\/\/schema.org\",\"@graph\":[{\"@type\":\"WebPage\",\"@id\":\"https:\/\/parmast.com\/en\/blog\/\",\"url\":\"https:\/\/parmast.com\/en\/blog\/\",\"name\":\"Blog - ParmaSt\",\"isPartOf\":{\"@id\":\"https:\/\/parmast.com\/#website\"},\"primaryImageOfPage\":{\"@id\":\"https:\/\/parmast.com\/en\/blog\/#primaryimage\"},\"image\":{\"@id\":\"https:\/\/parmast.com\/en\/blog\/#primaryimage\"},\"thumbnailUrl\":\"https:\/\/parmast.com\/wp-content\/uploads\/Realizzazione-di-quadri-elettrici-industriali-e-civili-768x411.jpg\",\"datePublished\":\"2026-01-26T11:25:10+00:00\",\"dateModified\":\"2026-01-26T14:05:17+00:00\",\"description\":\"Parma ST S.r.l. \u00e8 una societ\u00e0 che vanta pi\u00f9 di 30 anni di esperienza e ha come missione la consulenza e la distribuzione ufficiale dei cavi scaldanti\",\"breadcrumb\":{\"@id\":\"https:\/\/parmast.com\/en\/blog\/#breadcrumb\"},\"inLanguage\":\"en-US\",\"potentialAction\":[{\"@type\":\"ReadAction\",\"target\":[\"https:\/\/parmast.com\/en\/blog\/\"]}]},{\"@type\":\"ImageObject\",\"inLanguage\":\"en-US\",\"@id\":\"https:\/\/parmast.com\/en\/blog\/#primaryimage\",\"url\":\"https:\/\/parmast.com\/wp-content\/uploads\/Realizzazione-di-quadri-elettrici-industriali-e-civili-768x411.jpg\",\"contentUrl\":\"https:\/\/parmast.com\/wp-content\/uploads\/Realizzazione-di-quadri-elettrici-industriali-e-civili-768x411.jpg\"},{\"@type\":\"BreadcrumbList\",\"@id\":\"https:\/\/parmast.com\/en\/blog\/#breadcrumb\",\"itemListElement\":[{\"@type\":\"ListItem\",\"position\":1,\"name\":\"Home\",\"item\":\"https:\/\/parmast.com\/en\/\"},{\"@type\":\"ListItem\",\"position\":2,\"name\":\"Blog\"}]},{\"@type\":\"WebSite\",\"@id\":\"https:\/\/parmast.com\/#website\",\"url\":\"https:\/\/parmast.com\/\",\"name\":\"ParmaSt\",\"description\":\"\",\"publisher\":{\"@id\":\"https:\/\/parmast.com\/#organization\"},\"potentialAction\":[{\"@type\":\"SearchAction\",\"target\":{\"@type\":\"EntryPoint\",\"urlTemplate\":\"https:\/\/parmast.com\/?s={search_term_string}\"},\"query-input\":{\"@type\":\"PropertyValueSpecification\",\"valueRequired\":true,\"valueName\":\"search_term_string\"}}],\"inLanguage\":\"en-US\"},{\"@type\":\"Organization\",\"@id\":\"https:\/\/parmast.com\/#organization\",\"name\":\"PARMAST - consulenza e la distribuzione ufficiale dei cavi scaldanti\",\"url\":\"https:\/\/parmast.com\/\",\"logo\":{\"@type\":\"ImageObject\",\"inLanguage\":\"en-US\",\"@id\":\"https:\/\/parmast.com\/#\/schema\/logo\/image\/\",\"url\":\"https:\/\/parmast.com\/wp-content\/uploads\/logo-parmast.png\",\"contentUrl\":\"https:\/\/parmast.com\/wp-content\/uploads\/logo-parmast.png\",\"width\":880,\"height\":264,\"caption\":\"PARMAST - consulenza e la distribuzione ufficiale dei cavi scaldanti\"},\"image\":{\"@id\":\"https:\/\/parmast.com\/#\/schema\/logo\/image\/\"}}]}<\/script>\n<!-- \/ Yoast SEO plugin. -->","yoast_head_json":{"title":"Blog - ParmaSt","description":"Parma ST S.r.l. \u00e8 una societ\u00e0 che vanta pi\u00f9 di 30 anni di esperienza e ha come missione la consulenza e la distribuzione ufficiale dei cavi scaldanti","robots":{"index":"index","follow":"follow","max-snippet":"max-snippet:-1","max-image-preview":"max-image-preview:large","max-video-preview":"max-video-preview:-1"},"canonical":"https:\/\/parmast.com\/en\/blog\/","og_locale":"en_US","og_type":"article","og_title":"Blog - ParmaSt","og_description":"Parma ST S.r.l. \u00e8 una societ\u00e0 che vanta pi\u00f9 di 30 anni di esperienza e ha come missione la consulenza e la distribuzione ufficiale dei cavi scaldanti","og_url":"https:\/\/parmast.com\/en\/blog\/","og_site_name":"ParmaSt","article_modified_time":"2026-01-26T14:05:17+00:00","og_image":[{"url":"https:\/\/parmast.com\/wp-content\/uploads\/Realizzazione-di-quadri-elettrici-industriali-e-civili-768x411.jpg","type":"","width":"","height":""}],"twitter_card":"summary_large_image","schema":{"@context":"https:\/\/schema.org","@graph":[{"@type":"WebPage","@id":"https:\/\/parmast.com\/en\/blog\/","url":"https:\/\/parmast.com\/en\/blog\/","name":"Blog - ParmaSt","isPartOf":{"@id":"https:\/\/parmast.com\/#website"},"primaryImageOfPage":{"@id":"https:\/\/parmast.com\/en\/blog\/#primaryimage"},"image":{"@id":"https:\/\/parmast.com\/en\/blog\/#primaryimage"},"thumbnailUrl":"https:\/\/parmast.com\/wp-content\/uploads\/Realizzazione-di-quadri-elettrici-industriali-e-civili-768x411.jpg","datePublished":"2026-01-26T11:25:10+00:00","dateModified":"2026-01-26T14:05:17+00:00","description":"Parma ST S.r.l. \u00e8 una societ\u00e0 che vanta pi\u00f9 di 30 anni di esperienza e ha come missione la consulenza e la distribuzione ufficiale dei cavi scaldanti","breadcrumb":{"@id":"https:\/\/parmast.com\/en\/blog\/#breadcrumb"},"inLanguage":"en-US","potentialAction":[{"@type":"ReadAction","target":["https:\/\/parmast.com\/en\/blog\/"]}]},{"@type":"ImageObject","inLanguage":"en-US","@id":"https:\/\/parmast.com\/en\/blog\/#primaryimage","url":"https:\/\/parmast.com\/wp-content\/uploads\/Realizzazione-di-quadri-elettrici-industriali-e-civili-768x411.jpg","contentUrl":"https:\/\/parmast.com\/wp-content\/uploads\/Realizzazione-di-quadri-elettrici-industriali-e-civili-768x411.jpg"},{"@type":"BreadcrumbList","@id":"https:\/\/parmast.com\/en\/blog\/#breadcrumb","itemListElement":[{"@type":"ListItem","position":1,"name":"Home","item":"https:\/\/parmast.com\/en\/"},{"@type":"ListItem","position":2,"name":"Blog"}]},{"@type":"WebSite","@id":"https:\/\/parmast.com\/#website","url":"https:\/\/parmast.com\/","name":"ParmaSt","description":"","publisher":{"@id":"https:\/\/parmast.com\/#organization"},"potentialAction":[{"@type":"SearchAction","target":{"@type":"EntryPoint","urlTemplate":"https:\/\/parmast.com\/?s={search_term_string}"},"query-input":{"@type":"PropertyValueSpecification","valueRequired":true,"valueName":"search_term_string"}}],"inLanguage":"en-US"},{"@type":"Organization","@id":"https:\/\/parmast.com\/#organization","name":"PARMAST - consulenza e la distribuzione ufficiale dei cavi scaldanti","url":"https:\/\/parmast.com\/","logo":{"@type":"ImageObject","inLanguage":"en-US","@id":"https:\/\/parmast.com\/#\/schema\/logo\/image\/","url":"https:\/\/parmast.com\/wp-content\/uploads\/logo-parmast.png","contentUrl":"https:\/\/parmast.com\/wp-content\/uploads\/logo-parmast.png","width":880,"height":264,"caption":"PARMAST - consulenza e la distribuzione ufficiale dei cavi scaldanti"},"image":{"@id":"https:\/\/parmast.com\/#\/schema\/logo\/image\/"}}]}},"_links":{"self":[{"href":"https:\/\/parmast.com\/en\/wp-json\/wp\/v2\/pages\/3683","targetHints":{"allow":["GET"]}}],"collection":[{"href":"https:\/\/parmast.com\/en\/wp-json\/wp\/v2\/pages"}],"about":[{"href":"https:\/\/parmast.com\/en\/wp-json\/wp\/v2\/types\/page"}],"author":[{"embeddable":true,"href":"https:\/\/parmast.com\/en\/wp-json\/wp\/v2\/users\/5"}],"replies":[{"embeddable":true,"href":"https:\/\/parmast.com\/en\/wp-json\/wp\/v2\/comments?post=3683"}],"version-history":[{"count":7,"href":"https:\/\/parmast.com\/en\/wp-json\/wp\/v2\/pages\/3683\/revisions"}],"predecessor-version":[{"id":3713,"href":"https:\/\/parmast.com\/en\/wp-json\/wp\/v2\/pages\/3683\/revisions\/3713"}],"wp:attachment":[{"href":"https:\/\/parmast.com\/en\/wp-json\/wp\/v2\/media?parent=3683"}],"curies":[{"name":"wp","href":"https:\/\/api.w.org\/{rel}","templated":true}]}}