{"id":4020,"date":"2026-02-10T09:07:25","date_gmt":"2026-02-10T09:07:25","guid":{"rendered":"https:\/\/parmast.com\/heating-cables\/"},"modified":"2026-04-10T09:58:48","modified_gmt":"2026-04-10T09:58:48","slug":"heating-cables","status":"publish","type":"page","link":"https:\/\/parmast.com\/en\/heating-cables\/","title":{"rendered":"Heating cables"},"content":{"rendered":"\t\t<div data-elementor-type=\"wp-page\" data-elementor-id=\"4020\" class=\"elementor elementor-4020 elementor-3731\" data-elementor-post-type=\"page\">\n\t\t\t\t\t\t<section class=\"elementor-section elementor-top-section elementor-element elementor-element-1b6520c elementor-section-full_width elementor-section-height-min-height elementor-section-height-default elementor-section-items-middle\" data-id=\"1b6520c\" data-element_type=\"section\" data-e-type=\"section\" data-settings=\"{&quot;background_background&quot;:&quot;classic&quot;}\">\n\t\t\t\t\t\t\t<div class=\"elementor-background-overlay\"><\/div>\n\t\t\t\t\t\t\t<div class=\"elementor-container elementor-column-gap-default\">\n\t\t\t\t\t<div class=\"elementor-column elementor-col-100 elementor-top-column elementor-element elementor-element-91adc36\" data-id=\"91adc36\" data-element_type=\"column\" data-e-type=\"column\">\n\t\t\t<div class=\"elementor-widget-wrap elementor-element-populated\">\n\t\t\t\t\t\t\t<\/div>\n\t\t<\/div>\n\t\t\t\t\t<\/div>\n\t\t<\/section>\n\t\t\t\t<section class=\"elementor-section elementor-top-section elementor-element elementor-element-ae56c14 elementor-section-full_width elementor-reverse-tablet elementor-reverse-mobile elementor-section-height-default elementor-section-height-default\" data-id=\"ae56c14\" data-element_type=\"section\" data-e-type=\"section\" data-settings=\"{&quot;background_background&quot;:&quot;classic&quot;}\">\n\t\t\t\t\t\t<div class=\"elementor-container elementor-column-gap-default\">\n\t\t\t\t\t<div class=\"elementor-column elementor-col-50 elementor-top-column elementor-element elementor-element-460fdda elementor-invisible\" data-id=\"460fdda\" data-element_type=\"column\" data-e-type=\"column\" data-settings=\"{&quot;background_background&quot;:&quot;classic&quot;,&quot;animation&quot;:&quot;fadeIn&quot;}\">\n\t\t\t<div class=\"elementor-widget-wrap elementor-element-populated\">\n\t\t\t\t\t\t<div class=\"elementor-element elementor-element-e3edea5 elementor--h-position-center elementor--v-position-middle elementor-arrows-position-inside elementor-invisible elementor-widget elementor-widget-slides\" data-id=\"e3edea5\" data-element_type=\"widget\" data-e-type=\"widget\" data-settings=\"{&quot;navigation&quot;:&quot;arrows&quot;,&quot;_animation&quot;:&quot;slideInLeft&quot;,&quot;autoplay&quot;:&quot;yes&quot;,&quot;pause_on_hover&quot;:&quot;yes&quot;,&quot;pause_on_interaction&quot;:&quot;yes&quot;,&quot;autoplay_speed&quot;:5000,&quot;infinite&quot;:&quot;yes&quot;,&quot;transition&quot;:&quot;slide&quot;,&quot;transition_speed&quot;:500}\" data-widget_type=\"slides.default\">\n\t\t\t\t<div class=\"elementor-widget-container\">\n\t\t\t\t\t\t\t\t\t<div class=\"elementor-swiper\">\n\t\t\t\t\t<div class=\"elementor-slides-wrapper elementor-main-swiper swiper\" role=\"region\" aria-roledescription=\"carousel\" aria-label=\"Slides\" dir=\"ltr\" data-animation=\"fadeInLeft\">\n\t\t\t\t<div class=\"swiper-wrapper elementor-slides\">\n\t\t\t\t\t\t\t\t\t\t<div class=\"elementor-repeater-item-1283f73 swiper-slide\" role=\"group\" aria-roledescription=\"slide\"><div class=\"swiper-slide-bg\" role=\"img\" aria-label=\"Rimozione neve 3\"><\/div><div class=\"swiper-slide-inner\" ><div class=\"swiper-slide-contents\"><\/div><\/div><\/div><div class=\"elementor-repeater-item-74a466a swiper-slide\" role=\"group\" aria-roledescription=\"slide\"><div class=\"swiper-slide-bg\" role=\"img\" aria-label=\"Blue,Plastic,Pipe,Being,Fixed,On,Insulation,Panel,During,Underfloor\"><\/div><div class=\"swiper-slide-inner\" ><div class=\"swiper-slide-contents\"><\/div><\/div><\/div>\t\t\t\t<\/div>\n\t\t\t\t\t\t\t\t\t\t\t\t\t\t\t<div class=\"elementor-swiper-button elementor-swiper-button-prev\" role=\"button\" tabindex=\"0\" aria-label=\"Previous slide\">\n\t\t\t\t\t\t\t<i aria-hidden=\"true\" class=\"eicon-chevron-left\"><\/i>\t\t\t\t\t\t<\/div>\n\t\t\t\t\t\t<div class=\"elementor-swiper-button elementor-swiper-button-next\" role=\"button\" tabindex=\"0\" aria-label=\"Next slide\">\n\t\t\t\t\t\t\t<i aria-hidden=\"true\" class=\"eicon-chevron-right\"><\/i>\t\t\t\t\t\t<\/div>\n\t\t\t\t\t\t\t\t\t\t\t\t\t\t\t\t\t<\/div>\n\t\t\t\t<\/div>\n\t\t\t\t\t\t\t\t<\/div>\n\t\t\t\t<\/div>\n\t\t\t\t\t<\/div>\n\t\t<\/div>\n\t\t\t\t<div class=\"elementor-column elementor-col-50 elementor-top-column elementor-element elementor-element-3de6274\" data-id=\"3de6274\" data-element_type=\"column\" data-e-type=\"column\" data-settings=\"{&quot;background_background&quot;:&quot;classic&quot;}\">\n\t\t\t<div class=\"elementor-widget-wrap elementor-element-populated\">\n\t\t\t\t\t\t<div class=\"elementor-element elementor-element-b8e24e4 elementor-widget elementor-widget-heading\" data-id=\"b8e24e4\" data-element_type=\"widget\" data-e-type=\"widget\" data-widget_type=\"heading.default\">\n\t\t\t\t<div class=\"elementor-widget-container\">\n\t\t\t\t\t<h2 class=\"elementor-heading-title elementor-size-default\">What are heating cables and what are they used for<\/h2>\t\t\t\t<\/div>\n\t\t\t\t<\/div>\n\t\t\t\t<div class=\"elementor-element elementor-element-0a1246d elementor-widget elementor-widget-text-editor\" data-id=\"0a1246d\" data-element_type=\"widget\" data-e-type=\"widget\" data-widget_type=\"text-editor.default\">\n\t\t\t\t<div class=\"elementor-widget-container\">\n\t\t\t\t\t\t\t\t\t<p>Heating cables are <strong>solutions designed to heat and protect pipes<\/strong>,<br \/><strong>systems<\/strong>, and <strong>surfaces<\/strong> through a controlled electric<br \/>heat-tracing system. They are used to <strong>prevent ice formation<\/strong>, ensure<br \/><strong>operational continuity<\/strong> of installations, and maintain a<br \/><strong>constant temperature<\/strong> in the presence of critical environmental<br \/>conditions or industrial processes that require thermal stability.<\/p>\n<p>In both <strong>industrial and civil sectors<\/strong>, heating cables represent an<br \/>effective response to often underestimated issues such as system blockages,<br \/>frost-related damage, or performance drops caused by uncontrolled temperatures.<br \/>Depending on the application, it is possible to <strong>choose different solutions<\/strong>:<br \/>for example, heating cables for pipelines or self-regulating heating cables, which<br \/>adjust their power output according to temperature conditions and help optimize<br \/>energy management.<\/p>\n<p>At Parma ST, we support companies and professionals by offering a<br \/><strong>complete service<\/strong>: from initial consulting and supply to system design<br \/>and installation, with technical support also provided during testing and<br \/>commissioning phases.<\/p>\n\t\t\t\t\t\t\t\t<\/div>\n\t\t\t\t<\/div>\n\t\t\t\t\t<\/div>\n\t\t<\/div>\n\t\t\t\t\t<\/div>\n\t\t<\/section>\n\t\t\t\t<section class=\"elementor-section elementor-top-section elementor-element elementor-element-25d4191 elementor-section-boxed elementor-section-height-default elementor-section-height-default\" data-id=\"25d4191\" data-element_type=\"section\" data-e-type=\"section\" data-settings=\"{&quot;background_background&quot;:&quot;classic&quot;}\">\n\t\t\t\t\t\t<div class=\"elementor-container elementor-column-gap-default\">\n\t\t\t\t\t<div class=\"elementor-column elementor-col-100 elementor-top-column elementor-element elementor-element-84bef26\" data-id=\"84bef26\" data-element_type=\"column\" data-e-type=\"column\">\n\t\t\t<div class=\"elementor-widget-wrap elementor-element-populated\">\n\t\t\t\t\t\t<div class=\"elementor-element elementor-element-2aefea6 elementor-widget elementor-widget-heading\" data-id=\"2aefea6\" data-element_type=\"widget\" data-e-type=\"widget\" data-widget_type=\"heading.default\">\n\t\t\t\t<div class=\"elementor-widget-container\">\n\t\t\t\t\t<h2 class=\"elementor-heading-title elementor-size-default\">Applications of heating cables<\/h2>\t\t\t\t<\/div>\n\t\t\t\t<\/div>\n\t\t\t\t<section class=\"elementor-section elementor-inner-section elementor-element elementor-element-b039dac elementor-section-full_width elementor-section-height-default elementor-section-height-default\" data-id=\"b039dac\" data-element_type=\"section\" data-e-type=\"section\">\n\t\t\t\t\t\t<div class=\"elementor-container elementor-column-gap-narrow\">\n\t\t\t\t\t<div class=\"elementor-column elementor-col-50 elementor-inner-column elementor-element elementor-element-82fdba0\" data-id=\"82fdba0\" data-element_type=\"column\" data-e-type=\"column\" data-settings=\"{&quot;background_background&quot;:&quot;classic&quot;}\">\n\t\t\t<div class=\"elementor-widget-wrap elementor-element-populated\">\n\t\t\t\t\t\t<div class=\"elementor-element elementor-element-a666984 elementor-cta--layout-image-right elementor-bg-transform elementor-bg-transform-zoom-out elementor-cta--mobile-layout-image-above elementor-cta--skin-classic elementor-animated-content elementor-widget elementor-widget-call-to-action\" data-id=\"a666984\" data-element_type=\"widget\" data-e-type=\"widget\" data-settings=\"{&quot;motion_fx_motion_fx_scrolling&quot;:&quot;yes&quot;,&quot;_animation&quot;:&quot;none&quot;,&quot;_animation_delay&quot;:300,&quot;motion_fx_devices&quot;:[&quot;desktop&quot;,&quot;tablet&quot;,&quot;mobile&quot;]}\" data-widget_type=\"call-to-action.default\">\n\t\t\t\t<div class=\"elementor-widget-container\">\n\t\t\t\t\t\t\t<div class=\"elementor-cta\">\n\t\t\t\t\t<div class=\"elementor-cta__bg-wrapper\">\n\t\t\t\t<div class=\"elementor-cta__bg elementor-bg\" style=\"background-image: url(https:\/\/parmast.com\/wp-content\/uploads\/Antigelo.png);\" role=\"img\" aria-label=\"Antigelo\"><\/div>\n\t\t\t\t<div class=\"elementor-cta__bg-overlay\"><\/div>\n\t\t\t<\/div>\n\t\t\t\t\t\t\t<div class=\"elementor-cta__content\">\n\t\t\t\t\n\t\t\t\t\t\t\t\t\t<h3 class=\"elementor-cta__title elementor-cta__content-item elementor-content-item\">\n\t\t\t\t\t\tAntifreeze\t\t\t\t\t<\/h3>\n\t\t\t\t\n\t\t\t\t\t\t\t\t\t<div class=\"elementor-cta__description elementor-cta__content-item elementor-content-item\">\n\t\t\t\t\t\t<p>Solutions to prevent freezing and reduce the risk of failures in pipes, systems, components, roofs, and ramps exposed to low temperatures.<\/p>\n\t\t\t\t\t<\/div>\n\t\t\t\t\n\t\t\t\t\t\t\t\t\t<div class=\"elementor-cta__button-wrapper elementor-cta__content-item elementor-content-item \">\n\t\t\t\t\t<a class=\"elementor-cta__button elementor-button elementor-size-\" href=\"https:\/\/parmast.com\/en\/heating-cables\/antifreeze\/\">\n\t\t\t\t\t\tLearn more\t\t\t\t\t<\/a>\n\t\t\t\t\t<\/div>\n\t\t\t\t\t\t\t<\/div>\n\t\t\t\t\t\t<\/div>\n\t\t\t\t\t\t<\/div>\n\t\t\t\t<\/div>\n\t\t\t\t\t<\/div>\n\t\t<\/div>\n\t\t\t\t<div class=\"elementor-column elementor-col-50 elementor-inner-column elementor-element elementor-element-d75ca31\" data-id=\"d75ca31\" data-element_type=\"column\" data-e-type=\"column\">\n\t\t\t<div class=\"elementor-widget-wrap elementor-element-populated\">\n\t\t\t\t\t\t<div class=\"elementor-element elementor-element-c3c3c79 elementor-cta--layout-image-right elementor-bg-transform elementor-bg-transform-zoom-out elementor-cta--tablet-layout-image-left elementor-cta--mobile-layout-image-above elementor-cta--skin-classic elementor-animated-content elementor-widget elementor-widget-call-to-action\" data-id=\"c3c3c79\" data-element_type=\"widget\" data-e-type=\"widget\" data-settings=\"{&quot;_animation&quot;:&quot;none&quot;,&quot;_animation_delay&quot;:300,&quot;motion_fx_motion_fx_scrolling&quot;:&quot;yes&quot;,&quot;motion_fx_devices&quot;:[&quot;desktop&quot;,&quot;tablet&quot;,&quot;mobile&quot;]}\" data-widget_type=\"call-to-action.default\">\n\t\t\t\t<div class=\"elementor-widget-container\">\n\t\t\t\t\t\t\t<div class=\"elementor-cta\">\n\t\t\t\t\t<div class=\"elementor-cta__bg-wrapper\">\n\t\t\t\t<div class=\"elementor-cta__bg elementor-bg\" style=\"background-image: url(https:\/\/parmast.com\/wp-content\/uploads\/1-8-scaled.jpg);\" role=\"img\" aria-label=\"Pavimento riscaldato 4\"><\/div>\n\t\t\t\t<div class=\"elementor-cta__bg-overlay\"><\/div>\n\t\t\t<\/div>\n\t\t\t\t\t\t\t<div class=\"elementor-cta__content\">\n\t\t\t\t\n\t\t\t\t\t\t\t\t\t<h3 class=\"elementor-cta__title elementor-cta__content-item elementor-content-item\">\n\t\t\t\t\t\tUnderfloor and wall heating\t\t\t\t\t<\/h3>\n\t\t\t\t\n\t\t\t\t\t\t\t\t\t<div class=\"elementor-cta__description elementor-cta__content-item elementor-content-item\">\n\t\t\t\t\t\t<p>Systems with heating cables designed to provide uniform and comfortable heating, both in residential environments and commercial settings.<\/p>\n\t\t\t\t\t<\/div>\n\t\t\t\t\n\t\t\t\t\t\t\t\t\t<div class=\"elementor-cta__button-wrapper elementor-cta__content-item elementor-content-item \">\n\t\t\t\t\t<a class=\"elementor-cta__button elementor-button elementor-size-\" href=\"https:\/\/parmast.com\/en\/heating-cables\/underfloor-and-wall-heating\/\">\n\t\t\t\t\t\tLearn more\t\t\t\t\t<\/a>\n\t\t\t\t\t<\/div>\n\t\t\t\t\t\t\t<\/div>\n\t\t\t\t\t\t<\/div>\n\t\t\t\t\t\t<\/div>\n\t\t\t\t<\/div>\n\t\t\t\t\t<\/div>\n\t\t<\/div>\n\t\t\t\t\t<\/div>\n\t\t<\/section>\n\t\t\t\t<section class=\"elementor-section elementor-inner-section elementor-element elementor-element-40b2a45 elementor-section-full_width elementor-section-height-default elementor-section-height-default\" data-id=\"40b2a45\" data-element_type=\"section\" data-e-type=\"section\">\n\t\t\t\t\t\t<div class=\"elementor-container elementor-column-gap-narrow\">\n\t\t\t\t\t<div class=\"elementor-column elementor-col-100 elementor-inner-column elementor-element elementor-element-b63dbe3\" data-id=\"b63dbe3\" data-element_type=\"column\" data-e-type=\"column\" data-settings=\"{&quot;background_background&quot;:&quot;classic&quot;}\">\n\t\t\t<div class=\"elementor-widget-wrap elementor-element-populated\">\n\t\t\t\t\t\t<div class=\"elementor-element elementor-element-14a240b elementor-cta--layout-image-right elementor-bg-transform elementor-bg-transform-zoom-out elementor-cta--mobile-layout-image-above elementor-cta--skin-classic elementor-animated-content elementor-widget elementor-widget-call-to-action\" data-id=\"14a240b\" data-element_type=\"widget\" data-e-type=\"widget\" data-settings=\"{&quot;motion_fx_motion_fx_scrolling&quot;:&quot;yes&quot;,&quot;_animation&quot;:&quot;none&quot;,&quot;_animation_delay&quot;:300,&quot;motion_fx_devices&quot;:[&quot;desktop&quot;,&quot;tablet&quot;,&quot;mobile&quot;]}\" data-widget_type=\"call-to-action.default\">\n\t\t\t\t<div class=\"elementor-widget-container\">\n\t\t\t\t\t\t\t<div class=\"elementor-cta\">\n\t\t\t\t\t<div class=\"elementor-cta__bg-wrapper\">\n\t\t\t\t<div class=\"elementor-cta__bg elementor-bg\" style=\"background-image: url(https:\/\/parmast.com\/wp-content\/uploads\/2-7-2.jpg);\" role=\"img\" aria-label=\"2-7\"><\/div>\n\t\t\t\t<div class=\"elementor-cta__bg-overlay\"><\/div>\n\t\t\t<\/div>\n\t\t\t\t\t\t\t<div class=\"elementor-cta__content\">\n\t\t\t\t\n\t\t\t\t\t\t\t\t\t<h3 class=\"elementor-cta__title elementor-cta__content-item elementor-content-item\">\n\t\t\t\t\t\tTemperature maintenance\t\t\t\t\t<\/h3>\n\t\t\t\t\n\t\t\t\t\t\t\t\t\t<div class=\"elementor-cta__description elementor-cta__content-item elementor-content-item\">\n\t\t\t\t\t\t<article class=\"text-token-text-primary w-full focus:outline-none [--shadow-height:45px] has-data-writing-block:pointer-events-none has-data-writing-block:-mt-(--shadow-height) has-data-writing-block:pt-(--shadow-height) [&amp;:has([data-writing-block])&gt;*]:pointer-events-auto scroll-mt-(--header-height)\" dir=\"auto\" data-turn-id=\"8c9bde56-a828-477d-951f-98e9f59d01ef\" data-testid=\"conversation-turn-11\" data-scroll-anchor=\"false\" data-turn=\"user\"><\/article>\n<article class=\"text-token-text-primary w-full focus:outline-none [--shadow-height:45px] has-data-writing-block:pointer-events-none has-data-writing-block:-mt-(--shadow-height) has-data-writing-block:pt-(--shadow-height) [&amp;:has([data-writing-block])&gt;*]:pointer-events-auto scroll-mt-[calc(var(--header-height)+min(200px,max(70px,20svh)))]\" dir=\"auto\" data-turn-id=\"request-WEB:63778c55-d897-4f99-a31f-b9f5b2525ec8-17\" data-testid=\"conversation-turn-12\" data-scroll-anchor=\"true\" data-turn=\"assistant\">\n<div class=\"text-base my-auto mx-auto pb-10 [--thread-content-margin:--spacing(4)] @w-sm\/main:[--thread-content-margin:--spacing(6)] @w-lg\/main:[--thread-content-margin:--spacing(16)] px-(--thread-content-margin)\">\n<div class=\"[--thread-content-max-width:40rem] @w-lg\/main:[--thread-content-max-width:48rem] mx-auto max-w-(--thread-content-max-width) flex-1 group\/turn-messages focus-visible:outline-hidden relative flex w-full min-w-0 flex-col agent-turn\">\n<div class=\"flex max-w-full flex-col grow\">\n<div class=\"min-h-8 text-message relative flex w-full flex-col items-end gap-2 text-start break-words whitespace-normal [.text-message+&amp;]:mt-1\" dir=\"auto\" data-message-author-role=\"assistant\" data-message-id=\"b82b497d-c213-4336-a254-5134afe4c273\" data-message-model-slug=\"gpt-5-2\">\n<div class=\"flex w-full flex-col gap-1 empty:hidden first:pt-[1px]\">\n<div class=\"markdown prose dark:prose-invert w-full wrap-break-word light markdown-new-styling\">\n<p data-start=\"0\" data-end=\"136\" data-is-last-node=\"\" data-is-only-node=\"\">Applications designed to maintain a constant temperature in pipes, components, and tanks, preventing thermal fluctuations and heat loss.<\/p>\n<\/div>\n<\/div>\n<\/div>\n<\/div>\n<\/div>\n<\/div>\n<\/article>\n\t\t\t\t\t<\/div>\n\t\t\t\t\n\t\t\t\t\t\t\t\t\t<div class=\"elementor-cta__button-wrapper elementor-cta__content-item elementor-content-item \">\n\t\t\t\t\t<a class=\"elementor-cta__button elementor-button elementor-size-\" href=\"https:\/\/parmast.com\/en\/heating-cables\/temperature-maintenance\/\">\n\t\t\t\t\t\tLearn more\t\t\t\t\t<\/a>\n\t\t\t\t\t<\/div>\n\t\t\t\t\t\t\t<\/div>\n\t\t\t\t\t\t<\/div>\n\t\t\t\t\t\t<\/div>\n\t\t\t\t<\/div>\n\t\t\t\t\t<\/div>\n\t\t<\/div>\n\t\t\t\t\t<\/div>\n\t\t<\/section>\n\t\t\t\t\t<\/div>\n\t\t<\/div>\n\t\t\t\t\t<\/div>\n\t\t<\/section>\n\t\t\t\t<\/div>\n\t\t","protected":false},"excerpt":{"rendered":"<p>What are heating cables and what are they used for Heating cables are solutions designed to heat and protect pipes,systems, and surfaces through a controlled electricheat-tracing system. They are used to prevent ice formation, ensureoperational continuity of installations, and maintain aconstant temperature in the presence of critical environmentalconditions or industrial processes that require thermal stability. [&hellip;]<\/p>\n","protected":false},"author":5,"featured_media":0,"parent":0,"menu_order":0,"comment_status":"closed","ping_status":"closed","template":"","meta":{"footnotes":""},"class_list":["post-4020","page","type-page","status-publish","hentry"],"yoast_head":"<!-- This site is optimized with the Yoast SEO plugin v26.8 - https:\/\/yoast.com\/product\/yoast-seo-wordpress\/ -->\n<title>Heating cables - ParmaSt<\/title>\n<meta name=\"description\" content=\"Parma ST S.r.l. \u00e8 una societ\u00e0 che vanta pi\u00f9 di 30 anni di esperienza e ha come missione la consulenza e la distribuzione ufficiale dei cavi scaldanti\" \/>\n<meta name=\"robots\" content=\"index, follow, max-snippet:-1, max-image-preview:large, max-video-preview:-1\" \/>\n<link rel=\"canonical\" href=\"https:\/\/parmast.com\/cavi-scaldanti\/\" \/>\n<meta property=\"og:locale\" content=\"en_US\" \/>\n<meta property=\"og:type\" content=\"article\" \/>\n<meta property=\"og:title\" content=\"Heating cables - ParmaSt\" \/>\n<meta property=\"og:description\" content=\"Parma ST S.r.l. \u00e8 una societ\u00e0 che vanta pi\u00f9 di 30 anni di esperienza e ha come missione la consulenza e la distribuzione ufficiale dei cavi scaldanti\" \/>\n<meta property=\"og:url\" content=\"https:\/\/parmast.com\/cavi-scaldanti\/\" \/>\n<meta property=\"og:site_name\" content=\"ParmaSt\" \/>\n<meta property=\"article:modified_time\" content=\"2026-04-10T09:58:48+00:00\" \/>\n<meta name=\"twitter:card\" content=\"summary_large_image\" \/>\n<meta name=\"twitter:label1\" content=\"Est. reading time\" \/>\n\t<meta name=\"twitter:data1\" content=\"1 minute\" \/>\n<script type=\"application\/ld+json\" class=\"yoast-schema-graph\">{\"@context\":\"https:\/\/schema.org\",\"@graph\":[{\"@type\":\"WebPage\",\"@id\":\"https:\/\/parmast.com\/cavi-scaldanti\/\",\"url\":\"https:\/\/parmast.com\/cavi-scaldanti\/\",\"name\":\"Heating cables - ParmaSt\",\"isPartOf\":{\"@id\":\"https:\/\/parmast.com\/#website\"},\"datePublished\":\"2026-02-10T09:07:25+00:00\",\"dateModified\":\"2026-04-10T09:58:48+00:00\",\"description\":\"Parma ST S.r.l. \u00e8 una societ\u00e0 che vanta pi\u00f9 di 30 anni di esperienza e ha come missione la consulenza e la distribuzione ufficiale dei cavi scaldanti\",\"breadcrumb\":{\"@id\":\"https:\/\/parmast.com\/cavi-scaldanti\/#breadcrumb\"},\"inLanguage\":\"en-US\",\"potentialAction\":[{\"@type\":\"ReadAction\",\"target\":[\"https:\/\/parmast.com\/cavi-scaldanti\/\"]}]},{\"@type\":\"BreadcrumbList\",\"@id\":\"https:\/\/parmast.com\/cavi-scaldanti\/#breadcrumb\",\"itemListElement\":[{\"@type\":\"ListItem\",\"position\":1,\"name\":\"Home\",\"item\":\"https:\/\/parmast.com\/en\/\"},{\"@type\":\"ListItem\",\"position\":2,\"name\":\"Heating cables\"}]},{\"@type\":\"WebSite\",\"@id\":\"https:\/\/parmast.com\/#website\",\"url\":\"https:\/\/parmast.com\/\",\"name\":\"ParmaSt\",\"description\":\"\",\"publisher\":{\"@id\":\"https:\/\/parmast.com\/#organization\"},\"potentialAction\":[{\"@type\":\"SearchAction\",\"target\":{\"@type\":\"EntryPoint\",\"urlTemplate\":\"https:\/\/parmast.com\/?s={search_term_string}\"},\"query-input\":{\"@type\":\"PropertyValueSpecification\",\"valueRequired\":true,\"valueName\":\"search_term_string\"}}],\"inLanguage\":\"en-US\"},{\"@type\":\"Organization\",\"@id\":\"https:\/\/parmast.com\/#organization\",\"name\":\"PARMAST - consulenza e la distribuzione ufficiale dei cavi scaldanti\",\"url\":\"https:\/\/parmast.com\/\",\"logo\":{\"@type\":\"ImageObject\",\"inLanguage\":\"en-US\",\"@id\":\"https:\/\/parmast.com\/#\/schema\/logo\/image\/\",\"url\":\"https:\/\/parmast.com\/wp-content\/uploads\/logo-parmast.png\",\"contentUrl\":\"https:\/\/parmast.com\/wp-content\/uploads\/logo-parmast.png\",\"width\":880,\"height\":264,\"caption\":\"PARMAST - consulenza e la distribuzione ufficiale dei cavi scaldanti\"},\"image\":{\"@id\":\"https:\/\/parmast.com\/#\/schema\/logo\/image\/\"}}]}<\/script>\n<!-- \/ Yoast SEO plugin. -->","yoast_head_json":{"title":"Heating cables - ParmaSt","description":"Parma ST S.r.l. \u00e8 una societ\u00e0 che vanta pi\u00f9 di 30 anni di esperienza e ha come missione la consulenza e la distribuzione ufficiale dei cavi scaldanti","robots":{"index":"index","follow":"follow","max-snippet":"max-snippet:-1","max-image-preview":"max-image-preview:large","max-video-preview":"max-video-preview:-1"},"canonical":"https:\/\/parmast.com\/cavi-scaldanti\/","og_locale":"en_US","og_type":"article","og_title":"Heating cables - ParmaSt","og_description":"Parma ST S.r.l. \u00e8 una societ\u00e0 che vanta pi\u00f9 di 30 anni di esperienza e ha come missione la consulenza e la distribuzione ufficiale dei cavi scaldanti","og_url":"https:\/\/parmast.com\/cavi-scaldanti\/","og_site_name":"ParmaSt","article_modified_time":"2026-04-10T09:58:48+00:00","twitter_card":"summary_large_image","twitter_misc":{"Est. reading time":"1 minute"},"schema":{"@context":"https:\/\/schema.org","@graph":[{"@type":"WebPage","@id":"https:\/\/parmast.com\/cavi-scaldanti\/","url":"https:\/\/parmast.com\/cavi-scaldanti\/","name":"Heating cables - ParmaSt","isPartOf":{"@id":"https:\/\/parmast.com\/#website"},"datePublished":"2026-02-10T09:07:25+00:00","dateModified":"2026-04-10T09:58:48+00:00","description":"Parma ST S.r.l. \u00e8 una societ\u00e0 che vanta pi\u00f9 di 30 anni di esperienza e ha come missione la consulenza e la distribuzione ufficiale dei cavi scaldanti","breadcrumb":{"@id":"https:\/\/parmast.com\/cavi-scaldanti\/#breadcrumb"},"inLanguage":"en-US","potentialAction":[{"@type":"ReadAction","target":["https:\/\/parmast.com\/cavi-scaldanti\/"]}]},{"@type":"BreadcrumbList","@id":"https:\/\/parmast.com\/cavi-scaldanti\/#breadcrumb","itemListElement":[{"@type":"ListItem","position":1,"name":"Home","item":"https:\/\/parmast.com\/en\/"},{"@type":"ListItem","position":2,"name":"Heating cables"}]},{"@type":"WebSite","@id":"https:\/\/parmast.com\/#website","url":"https:\/\/parmast.com\/","name":"ParmaSt","description":"","publisher":{"@id":"https:\/\/parmast.com\/#organization"},"potentialAction":[{"@type":"SearchAction","target":{"@type":"EntryPoint","urlTemplate":"https:\/\/parmast.com\/?s={search_term_string}"},"query-input":{"@type":"PropertyValueSpecification","valueRequired":true,"valueName":"search_term_string"}}],"inLanguage":"en-US"},{"@type":"Organization","@id":"https:\/\/parmast.com\/#organization","name":"PARMAST - consulenza e la distribuzione ufficiale dei cavi scaldanti","url":"https:\/\/parmast.com\/","logo":{"@type":"ImageObject","inLanguage":"en-US","@id":"https:\/\/parmast.com\/#\/schema\/logo\/image\/","url":"https:\/\/parmast.com\/wp-content\/uploads\/logo-parmast.png","contentUrl":"https:\/\/parmast.com\/wp-content\/uploads\/logo-parmast.png","width":880,"height":264,"caption":"PARMAST - consulenza e la distribuzione ufficiale dei cavi scaldanti"},"image":{"@id":"https:\/\/parmast.com\/#\/schema\/logo\/image\/"}}]}},"_links":{"self":[{"href":"https:\/\/parmast.com\/en\/wp-json\/wp\/v2\/pages\/4020","targetHints":{"allow":["GET"]}}],"collection":[{"href":"https:\/\/parmast.com\/en\/wp-json\/wp\/v2\/pages"}],"about":[{"href":"https:\/\/parmast.com\/en\/wp-json\/wp\/v2\/types\/page"}],"author":[{"embeddable":true,"href":"https:\/\/parmast.com\/en\/wp-json\/wp\/v2\/users\/5"}],"replies":[{"embeddable":true,"href":"https:\/\/parmast.com\/en\/wp-json\/wp\/v2\/comments?post=4020"}],"version-history":[{"count":6,"href":"https:\/\/parmast.com\/en\/wp-json\/wp\/v2\/pages\/4020\/revisions"}],"predecessor-version":[{"id":4191,"href":"https:\/\/parmast.com\/en\/wp-json\/wp\/v2\/pages\/4020\/revisions\/4191"}],"wp:attachment":[{"href":"https:\/\/parmast.com\/en\/wp-json\/wp\/v2\/media?parent=4020"}],"curies":[{"name":"wp","href":"https:\/\/api.w.org\/{rel}","templated":true}]}}