{"id":4035,"date":"2026-02-10T10:01:32","date_gmt":"2026-02-10T10:01:32","guid":{"rendered":"https:\/\/parmast.com\/leak-detection\/"},"modified":"2026-04-10T14:04:13","modified_gmt":"2026-04-10T14:04:13","slug":"leak-detection","status":"publish","type":"page","link":"https:\/\/parmast.com\/en\/leak-detection\/","title":{"rendered":"Leak detection"},"content":{"rendered":"\t\t<div data-elementor-type=\"wp-page\" data-elementor-id=\"4035\" class=\"elementor elementor-4035 elementor-3737\" data-elementor-post-type=\"page\">\n\t\t\t\t\t\t<section class=\"elementor-section elementor-top-section elementor-element elementor-element-08db88f elementor-section-full_width elementor-section-height-min-height elementor-section-height-default elementor-section-items-middle\" data-id=\"08db88f\" data-element_type=\"section\" data-e-type=\"section\" data-settings=\"{&quot;background_background&quot;:&quot;classic&quot;}\">\n\t\t\t\t\t\t\t<div class=\"elementor-background-overlay\"><\/div>\n\t\t\t\t\t\t\t<div class=\"elementor-container elementor-column-gap-default\">\n\t\t\t\t\t<div class=\"elementor-column elementor-col-100 elementor-top-column elementor-element elementor-element-2251df7\" data-id=\"2251df7\" data-element_type=\"column\" data-e-type=\"column\">\n\t\t\t<div class=\"elementor-widget-wrap elementor-element-populated\">\n\t\t\t\t\t\t\t<\/div>\n\t\t<\/div>\n\t\t\t\t\t<\/div>\n\t\t<\/section>\n\t\t\t\t<section class=\"elementor-section elementor-top-section elementor-element elementor-element-d1f16a1 elementor-section-full_width elementor-reverse-tablet elementor-reverse-mobile elementor-section-height-default elementor-section-height-default\" data-id=\"d1f16a1\" data-element_type=\"section\" data-e-type=\"section\" data-settings=\"{&quot;background_background&quot;:&quot;classic&quot;}\">\n\t\t\t\t\t\t<div class=\"elementor-container elementor-column-gap-default\">\n\t\t\t\t\t<div class=\"elementor-column elementor-col-50 elementor-top-column elementor-element elementor-element-9233fed elementor-invisible\" data-id=\"9233fed\" data-element_type=\"column\" data-e-type=\"column\" data-settings=\"{&quot;background_background&quot;:&quot;classic&quot;,&quot;animation&quot;:&quot;fadeIn&quot;}\">\n\t\t\t<div class=\"elementor-widget-wrap elementor-element-populated\">\n\t\t\t\t\t\t<div class=\"elementor-element elementor-element-4b4202f elementor--h-position-center elementor--v-position-middle elementor-arrows-position-inside elementor-invisible elementor-widget elementor-widget-slides\" data-id=\"4b4202f\" data-element_type=\"widget\" data-e-type=\"widget\" data-settings=\"{&quot;navigation&quot;:&quot;arrows&quot;,&quot;_animation&quot;:&quot;slideInLeft&quot;,&quot;autoplay&quot;:&quot;yes&quot;,&quot;pause_on_hover&quot;:&quot;yes&quot;,&quot;pause_on_interaction&quot;:&quot;yes&quot;,&quot;autoplay_speed&quot;:5000,&quot;infinite&quot;:&quot;yes&quot;,&quot;transition&quot;:&quot;slide&quot;,&quot;transition_speed&quot;:500}\" data-widget_type=\"slides.default\">\n\t\t\t\t<div class=\"elementor-widget-container\">\n\t\t\t\t\t\t\t\t\t<div class=\"elementor-swiper\">\n\t\t\t\t\t<div class=\"elementor-slides-wrapper elementor-main-swiper swiper\" role=\"region\" aria-roledescription=\"carousel\" aria-label=\"Slides\" dir=\"ltr\" data-animation=\"fadeInLeft\">\n\t\t\t\t<div class=\"swiper-wrapper elementor-slides\">\n\t\t\t\t\t\t\t\t\t\t<div class=\"elementor-repeater-item-1283f73 swiper-slide\" role=\"group\" aria-roledescription=\"slide\"><div class=\"swiper-slide-bg\" role=\"img\" aria-label=\"1-7\"><\/div><div class=\"swiper-slide-inner\" ><div class=\"swiper-slide-contents\"><\/div><\/div><\/div><div class=\"elementor-repeater-item-74a466a swiper-slide\" role=\"group\" aria-roledescription=\"slide\"><div class=\"swiper-slide-bg\" role=\"img\" aria-label=\"Male,Worker,Inspection,At,The,Valve,Of,Visual,Check,Record\"><\/div><div class=\"swiper-slide-inner\" ><div class=\"swiper-slide-contents\"><\/div><\/div><\/div>\t\t\t\t<\/div>\n\t\t\t\t\t\t\t\t\t\t\t\t\t\t\t<div class=\"elementor-swiper-button elementor-swiper-button-prev\" role=\"button\" tabindex=\"0\" aria-label=\"Previous slide\">\n\t\t\t\t\t\t\t<i aria-hidden=\"true\" class=\"eicon-chevron-left\"><\/i>\t\t\t\t\t\t<\/div>\n\t\t\t\t\t\t<div class=\"elementor-swiper-button elementor-swiper-button-next\" role=\"button\" tabindex=\"0\" aria-label=\"Next slide\">\n\t\t\t\t\t\t\t<i aria-hidden=\"true\" class=\"eicon-chevron-right\"><\/i>\t\t\t\t\t\t<\/div>\n\t\t\t\t\t\t\t\t\t\t\t\t\t\t\t\t\t<\/div>\n\t\t\t\t<\/div>\n\t\t\t\t\t\t\t\t<\/div>\n\t\t\t\t<\/div>\n\t\t\t\t\t<\/div>\n\t\t<\/div>\n\t\t\t\t<div class=\"elementor-column elementor-col-50 elementor-top-column elementor-element elementor-element-6270419\" data-id=\"6270419\" data-element_type=\"column\" data-e-type=\"column\" data-settings=\"{&quot;background_background&quot;:&quot;classic&quot;}\">\n\t\t\t<div class=\"elementor-widget-wrap elementor-element-populated\">\n\t\t\t\t\t\t<div class=\"elementor-element elementor-element-7f0e3fa elementor-widget elementor-widget-heading\" data-id=\"7f0e3fa\" data-element_type=\"widget\" data-e-type=\"widget\" data-widget_type=\"heading.default\">\n\t\t\t\t<div class=\"elementor-widget-container\">\n\t\t\t\t\t<h2 class=\"elementor-heading-title elementor-size-default\">How to quickly detect and locate a leak<\/h2>\t\t\t\t<\/div>\n\t\t\t\t<\/div>\n\t\t\t\t<div class=\"elementor-element elementor-element-fa8af85 elementor-widget elementor-widget-text-editor\" data-id=\"fa8af85\" data-element_type=\"widget\" data-e-type=\"widget\" data-widget_type=\"text-editor.default\">\n\t\t\t\t<div class=\"elementor-widget-container\">\n\t\t\t\t\t\t\t\t\t<p><span style=\"font-weight: 400;\">Leak detection is a set of solutions designed to <\/span><b>promptly identify anomalies and liquid leaks<\/b><span style=\"font-weight: 400;\">, reducing the risk of damage, system downtime, and restoration costs. In industrial and infrastructural environments, acting quickly is essential: a leak can <\/span><b>compromise environmental safety, damage equipment, and cause operational interruptions<\/b><span style=\"font-weight: 400;\">, especially in technical areas and complex systems.<\/span><\/p>\n<p><span style=\"font-weight: 400;\">Depending on the fluid and the installation context, it is possible to<\/span><b> adopt a specific system<\/b><span style=\"font-weight: 400;\">, with customized configurations and dedicated control devices. Solutions such as leak detection cables allow <\/span><b>continuous monitoring of pipes and sensitive areas<\/b><span style=\"font-weight: 400;\">, also supporting the localization of the critical point. For common applications such as water leak detection (including glycol circuits), the goal is to prevent failures and minimize intervention times.<\/span><\/p>\n<p><span style=\"font-weight: 400;\">For years, the Parma ST team has supported companies and professionals with technical <\/span><b>consulting<\/b><span style=\"font-weight: 400;\"> and tailored solutions, from <\/span><b>design<\/b><span style=\"font-weight: 400;\"> to installation and system <\/span><b>testing<\/b><span style=\"font-weight: 400;\">.<\/span><\/p>\n\t\t\t\t\t\t\t\t<\/div>\n\t\t\t\t<\/div>\n\t\t\t\t\t<\/div>\n\t\t<\/div>\n\t\t\t\t\t<\/div>\n\t\t<\/section>\n\t\t\t\t<section class=\"elementor-section elementor-top-section elementor-element elementor-element-02a9c01 elementor-section-boxed elementor-section-height-default elementor-section-height-default\" data-id=\"02a9c01\" data-element_type=\"section\" data-e-type=\"section\" data-settings=\"{&quot;background_background&quot;:&quot;classic&quot;}\">\n\t\t\t\t\t\t<div class=\"elementor-container elementor-column-gap-default\">\n\t\t\t\t\t<div class=\"elementor-column elementor-col-100 elementor-top-column elementor-element elementor-element-e6546a7\" data-id=\"e6546a7\" data-element_type=\"column\" data-e-type=\"column\">\n\t\t\t<div class=\"elementor-widget-wrap elementor-element-populated\">\n\t\t\t\t\t\t<div class=\"elementor-element elementor-element-ab172a8 elementor-widget elementor-widget-heading\" data-id=\"ab172a8\" data-element_type=\"widget\" data-e-type=\"widget\" data-widget_type=\"heading.default\">\n\t\t\t\t<div class=\"elementor-widget-container\">\n\t\t\t\t\t<h2 class=\"elementor-heading-title elementor-size-default\">Leak detection based on the fluid<\/h2>\t\t\t\t<\/div>\n\t\t\t\t<\/div>\n\t\t\t\t<section class=\"elementor-section elementor-inner-section elementor-element elementor-element-e349ae3 elementor-section-full_width elementor-section-height-default elementor-section-height-default\" data-id=\"e349ae3\" data-element_type=\"section\" data-e-type=\"section\">\n\t\t\t\t\t\t<div class=\"elementor-container elementor-column-gap-narrow\">\n\t\t\t\t\t<div class=\"elementor-column elementor-col-50 elementor-inner-column elementor-element elementor-element-46f5b55\" data-id=\"46f5b55\" data-element_type=\"column\" data-e-type=\"column\" data-settings=\"{&quot;background_background&quot;:&quot;classic&quot;}\">\n\t\t\t<div class=\"elementor-widget-wrap elementor-element-populated\">\n\t\t\t\t\t\t<div class=\"elementor-element elementor-element-f83a8f1 elementor-cta--layout-image-right elementor-bg-transform elementor-bg-transform-zoom-out elementor-cta--mobile-layout-image-above elementor-cta--skin-classic elementor-animated-content elementor-widget elementor-widget-call-to-action\" data-id=\"f83a8f1\" data-element_type=\"widget\" data-e-type=\"widget\" data-settings=\"{&quot;motion_fx_motion_fx_scrolling&quot;:&quot;yes&quot;,&quot;_animation&quot;:&quot;none&quot;,&quot;_animation_delay&quot;:300,&quot;motion_fx_devices&quot;:[&quot;desktop&quot;,&quot;tablet&quot;,&quot;mobile&quot;]}\" data-widget_type=\"call-to-action.default\">\n\t\t\t\t<div class=\"elementor-widget-container\">\n\t\t\t\t\t\t\t<div class=\"elementor-cta\">\n\t\t\t\t\t<div class=\"elementor-cta__bg-wrapper\">\n\t\t\t\t<div class=\"elementor-cta__bg elementor-bg\" style=\"background-image: url(https:\/\/parmast.com\/wp-content\/uploads\/shutterstock_2642575013-scaled.jpg);\" role=\"img\" aria-label=\"Water,Texture,Ripples,Wave,Clean,Transparent,Water,Abstract,Background\"><\/div>\n\t\t\t\t<div class=\"elementor-cta__bg-overlay\"><\/div>\n\t\t\t<\/div>\n\t\t\t\t\t\t\t<div class=\"elementor-cta__content\">\n\t\t\t\t\n\t\t\t\t\t\t\t\t\t<h3 class=\"elementor-cta__title elementor-cta__content-item elementor-content-item\">\n\t\t\t\t\t\tWater and glycol\t\t\t\t\t<\/h3>\n\t\t\t\t\n\t\t\t\t\t\t\t\t\t<div class=\"elementor-cta__description elementor-cta__content-item elementor-content-item\">\n\t\t\t\t\t\t<p>Solutions to detect and locate leaks in technical rooms and systems, reducing risks and damage to infrastructure and sensitive equipment.<\/p>\n\t\t\t\t\t<\/div>\n\t\t\t\t\n\t\t\t\t\t\t\t\t\t<div class=\"elementor-cta__button-wrapper elementor-cta__content-item elementor-content-item \">\n\t\t\t\t\t<a class=\"elementor-cta__button elementor-button elementor-size-\" href=\"https:\/\/parmast.com\/en\/leak-detection\/water\/\">\n\t\t\t\t\t\tLearn more\t\t\t\t\t<\/a>\n\t\t\t\t\t<\/div>\n\t\t\t\t\t\t\t<\/div>\n\t\t\t\t\t\t<\/div>\n\t\t\t\t\t\t<\/div>\n\t\t\t\t<\/div>\n\t\t\t\t\t<\/div>\n\t\t<\/div>\n\t\t\t\t<div class=\"elementor-column elementor-col-50 elementor-inner-column elementor-element elementor-element-e06995a\" data-id=\"e06995a\" data-element_type=\"column\" data-e-type=\"column\">\n\t\t\t<div class=\"elementor-widget-wrap elementor-element-populated\">\n\t\t\t\t\t\t<div class=\"elementor-element elementor-element-07327c4 elementor-cta--layout-image-right elementor-bg-transform elementor-bg-transform-zoom-out elementor-cta--tablet-layout-image-left elementor-cta--mobile-layout-image-above elementor-cta--skin-classic elementor-animated-content elementor-widget elementor-widget-call-to-action\" data-id=\"07327c4\" data-element_type=\"widget\" data-e-type=\"widget\" data-settings=\"{&quot;_animation&quot;:&quot;none&quot;,&quot;_animation_delay&quot;:300,&quot;motion_fx_motion_fx_scrolling&quot;:&quot;yes&quot;,&quot;motion_fx_devices&quot;:[&quot;desktop&quot;,&quot;tablet&quot;,&quot;mobile&quot;]}\" data-widget_type=\"call-to-action.default\">\n\t\t\t\t<div class=\"elementor-widget-container\">\n\t\t\t\t\t\t\t<div class=\"elementor-cta\">\n\t\t\t\t\t<div class=\"elementor-cta__bg-wrapper\">\n\t\t\t\t<div class=\"elementor-cta__bg elementor-bg\" style=\"background-image: url(https:\/\/parmast.com\/wp-content\/uploads\/shutterstock_2717754391-scaled.jpg);\" role=\"img\" aria-label=\"Abstract,Blue,Energy,Explosion,Dynamic,Background,With,Power,Electricity,Concept.\"><\/div>\n\t\t\t\t<div class=\"elementor-cta__bg-overlay\"><\/div>\n\t\t\t<\/div>\n\t\t\t\t\t\t\t<div class=\"elementor-cta__content\">\n\t\t\t\t\n\t\t\t\t\t\t\t\t\t<h3 class=\"elementor-cta__title elementor-cta__content-item elementor-content-item\">\n\t\t\t\t\t\tConductive liquids\t\t\t\t\t<\/h3>\n\t\t\t\t\n\t\t\t\t\t\t\t\t\t<div class=\"elementor-cta__description elementor-cta__content-item elementor-content-item\">\n\t\t\t\t\t\t<p>Systems designed for monitoring in industrial environments, enabling intervention while maintaining high safety standards and operational continuity.<\/p>\n\t\t\t\t\t<\/div>\n\t\t\t\t\n\t\t\t\t\t\t\t\t\t<div class=\"elementor-cta__button-wrapper elementor-cta__content-item elementor-content-item \">\n\t\t\t\t\t<a class=\"elementor-cta__button elementor-button elementor-size-\" href=\"https:\/\/parmast.com\/en\/leak-detection\/conductive-liquids\/\">\n\t\t\t\t\t\tLearn more\t\t\t\t\t<\/a>\n\t\t\t\t\t<\/div>\n\t\t\t\t\t\t\t<\/div>\n\t\t\t\t\t\t<\/div>\n\t\t\t\t\t\t<\/div>\n\t\t\t\t<\/div>\n\t\t\t\t\t<\/div>\n\t\t<\/div>\n\t\t\t\t\t<\/div>\n\t\t<\/section>\n\t\t\t\t<section class=\"elementor-section elementor-inner-section elementor-element elementor-element-764adf4 elementor-section-full_width elementor-section-height-default elementor-section-height-default\" data-id=\"764adf4\" data-element_type=\"section\" data-e-type=\"section\">\n\t\t\t\t\t\t<div class=\"elementor-container elementor-column-gap-narrow\">\n\t\t\t\t\t<div class=\"elementor-column elementor-col-100 elementor-inner-column elementor-element elementor-element-632bb1c\" data-id=\"632bb1c\" data-element_type=\"column\" data-e-type=\"column\" data-settings=\"{&quot;background_background&quot;:&quot;classic&quot;}\">\n\t\t\t<div class=\"elementor-widget-wrap elementor-element-populated\">\n\t\t\t\t\t\t<div class=\"elementor-element elementor-element-8cb3d83 elementor-cta--layout-image-right elementor-bg-transform elementor-bg-transform-zoom-out elementor-cta--mobile-layout-image-above elementor-cta--skin-classic elementor-animated-content elementor-widget elementor-widget-call-to-action\" data-id=\"8cb3d83\" data-element_type=\"widget\" data-e-type=\"widget\" data-settings=\"{&quot;motion_fx_motion_fx_scrolling&quot;:&quot;yes&quot;,&quot;_animation&quot;:&quot;none&quot;,&quot;_animation_delay&quot;:300,&quot;motion_fx_devices&quot;:[&quot;desktop&quot;,&quot;tablet&quot;,&quot;mobile&quot;]}\" data-widget_type=\"call-to-action.default\">\n\t\t\t\t<div class=\"elementor-widget-container\">\n\t\t\t\t\t\t\t<div class=\"elementor-cta\">\n\t\t\t\t\t<div class=\"elementor-cta__bg-wrapper\">\n\t\t\t\t<div class=\"elementor-cta__bg elementor-bg\" style=\"background-image: url(https:\/\/parmast.com\/wp-content\/uploads\/shutterstock_2315636141-scaled.jpg);\" role=\"img\" aria-label=\"Simulate,Shape,Of,Covalent,Molecules,On,English,Alphabet,Background,Written\"><\/div>\n\t\t\t\t<div class=\"elementor-cta__bg-overlay\"><\/div>\n\t\t\t<\/div>\n\t\t\t\t\t\t\t<div class=\"elementor-cta__content\">\n\t\t\t\t\n\t\t\t\t\t\t\t\t\t<h3 class=\"elementor-cta__title elementor-cta__content-item elementor-content-item\">\n\t\t\t\t\t\tHydrocarbons\t\t\t\t\t<\/h3>\n\t\t\t\t\n\t\t\t\t\t\t\t\t\t<div class=\"elementor-cta__description elementor-cta__content-item elementor-content-item\">\n\t\t\t\t\t\t<p>Rilevamento perdite su impianti e aree critiche con soluzioni progettate per individuare anomalie e supportare una gestione tempestiva dell\u2019emergenza.<\/p>\n\t\t\t\t\t<\/div>\n\t\t\t\t\n\t\t\t\t\t\t\t\t\t<div class=\"elementor-cta__button-wrapper elementor-cta__content-item elementor-content-item \">\n\t\t\t\t\t<a class=\"elementor-cta__button elementor-button elementor-size-\" href=\"https:\/\/parmast.com\/en\/leak-detection\/hydrocarbons\/\">\n\t\t\t\t\t\tLearn more\t\t\t\t\t<\/a>\n\t\t\t\t\t<\/div>\n\t\t\t\t\t\t\t<\/div>\n\t\t\t\t\t\t<\/div>\n\t\t\t\t\t\t<\/div>\n\t\t\t\t<\/div>\n\t\t\t\t\t<\/div>\n\t\t<\/div>\n\t\t\t\t\t<\/div>\n\t\t<\/section>\n\t\t\t\t\t<\/div>\n\t\t<\/div>\n\t\t\t\t\t<\/div>\n\t\t<\/section>\n\t\t\t\t<\/div>\n\t\t","protected":false},"excerpt":{"rendered":"<p>How to quickly detect and locate a leak Leak detection is a set of solutions designed to promptly identify anomalies and liquid leaks, reducing the risk of damage, system downtime, and restoration costs. In industrial and infrastructural environments, acting quickly is essential: a leak can compromise environmental safety, damage equipment, and cause operational interruptions, especially [&hellip;]<\/p>\n","protected":false},"author":5,"featured_media":0,"parent":0,"menu_order":0,"comment_status":"closed","ping_status":"closed","template":"","meta":{"footnotes":""},"class_list":["post-4035","page","type-page","status-publish","hentry"],"yoast_head":"<!-- This site is optimized with the Yoast SEO plugin v26.8 - https:\/\/yoast.com\/product\/yoast-seo-wordpress\/ -->\n<title>Leak detection - ParmaSt<\/title>\n<meta name=\"description\" content=\"Parma ST S.r.l. \u00e8 una societ\u00e0 che vanta pi\u00f9 di 30 anni di esperienza e ha come missione la consulenza e la distribuzione ufficiale dei cavi scaldanti\" \/>\n<meta name=\"robots\" content=\"index, follow, max-snippet:-1, max-image-preview:large, max-video-preview:-1\" \/>\n<link rel=\"canonical\" href=\"https:\/\/parmast.com\/rilevamento-perdite\/\" \/>\n<meta property=\"og:locale\" content=\"en_US\" \/>\n<meta property=\"og:type\" content=\"article\" \/>\n<meta property=\"og:title\" content=\"Leak detection - ParmaSt\" \/>\n<meta property=\"og:description\" content=\"Parma ST S.r.l. \u00e8 una societ\u00e0 che vanta pi\u00f9 di 30 anni di esperienza e ha come missione la consulenza e la distribuzione ufficiale dei cavi scaldanti\" \/>\n<meta property=\"og:url\" content=\"https:\/\/parmast.com\/rilevamento-perdite\/\" \/>\n<meta property=\"og:site_name\" content=\"ParmaSt\" \/>\n<meta property=\"article:modified_time\" content=\"2026-04-10T14:04:13+00:00\" \/>\n<meta name=\"twitter:card\" content=\"summary_large_image\" \/>\n<meta name=\"twitter:label1\" content=\"Est. reading time\" \/>\n\t<meta name=\"twitter:data1\" content=\"1 minute\" \/>\n<script type=\"application\/ld+json\" class=\"yoast-schema-graph\">{\"@context\":\"https:\/\/schema.org\",\"@graph\":[{\"@type\":\"WebPage\",\"@id\":\"https:\/\/parmast.com\/rilevamento-perdite\/\",\"url\":\"https:\/\/parmast.com\/rilevamento-perdite\/\",\"name\":\"Leak detection - ParmaSt\",\"isPartOf\":{\"@id\":\"https:\/\/parmast.com\/#website\"},\"datePublished\":\"2026-02-10T10:01:32+00:00\",\"dateModified\":\"2026-04-10T14:04:13+00:00\",\"description\":\"Parma ST S.r.l. \u00e8 una societ\u00e0 che vanta pi\u00f9 di 30 anni di esperienza e ha come missione la consulenza e la distribuzione ufficiale dei cavi scaldanti\",\"breadcrumb\":{\"@id\":\"https:\/\/parmast.com\/rilevamento-perdite\/#breadcrumb\"},\"inLanguage\":\"en-US\",\"potentialAction\":[{\"@type\":\"ReadAction\",\"target\":[\"https:\/\/parmast.com\/rilevamento-perdite\/\"]}]},{\"@type\":\"BreadcrumbList\",\"@id\":\"https:\/\/parmast.com\/rilevamento-perdite\/#breadcrumb\",\"itemListElement\":[{\"@type\":\"ListItem\",\"position\":1,\"name\":\"Home\",\"item\":\"https:\/\/parmast.com\/en\/\"},{\"@type\":\"ListItem\",\"position\":2,\"name\":\"Leak detection\"}]},{\"@type\":\"WebSite\",\"@id\":\"https:\/\/parmast.com\/#website\",\"url\":\"https:\/\/parmast.com\/\",\"name\":\"ParmaSt\",\"description\":\"\",\"publisher\":{\"@id\":\"https:\/\/parmast.com\/#organization\"},\"potentialAction\":[{\"@type\":\"SearchAction\",\"target\":{\"@type\":\"EntryPoint\",\"urlTemplate\":\"https:\/\/parmast.com\/?s={search_term_string}\"},\"query-input\":{\"@type\":\"PropertyValueSpecification\",\"valueRequired\":true,\"valueName\":\"search_term_string\"}}],\"inLanguage\":\"en-US\"},{\"@type\":\"Organization\",\"@id\":\"https:\/\/parmast.com\/#organization\",\"name\":\"PARMAST - consulenza e la distribuzione ufficiale dei cavi scaldanti\",\"url\":\"https:\/\/parmast.com\/\",\"logo\":{\"@type\":\"ImageObject\",\"inLanguage\":\"en-US\",\"@id\":\"https:\/\/parmast.com\/#\/schema\/logo\/image\/\",\"url\":\"https:\/\/parmast.com\/wp-content\/uploads\/logo-parmast.png\",\"contentUrl\":\"https:\/\/parmast.com\/wp-content\/uploads\/logo-parmast.png\",\"width\":880,\"height\":264,\"caption\":\"PARMAST - consulenza e la distribuzione ufficiale dei cavi scaldanti\"},\"image\":{\"@id\":\"https:\/\/parmast.com\/#\/schema\/logo\/image\/\"}}]}<\/script>\n<!-- \/ Yoast SEO plugin. -->","yoast_head_json":{"title":"Leak detection - ParmaSt","description":"Parma ST S.r.l. \u00e8 una societ\u00e0 che vanta pi\u00f9 di 30 anni di esperienza e ha come missione la consulenza e la distribuzione ufficiale dei cavi scaldanti","robots":{"index":"index","follow":"follow","max-snippet":"max-snippet:-1","max-image-preview":"max-image-preview:large","max-video-preview":"max-video-preview:-1"},"canonical":"https:\/\/parmast.com\/rilevamento-perdite\/","og_locale":"en_US","og_type":"article","og_title":"Leak detection - ParmaSt","og_description":"Parma ST S.r.l. \u00e8 una societ\u00e0 che vanta pi\u00f9 di 30 anni di esperienza e ha come missione la consulenza e la distribuzione ufficiale dei cavi scaldanti","og_url":"https:\/\/parmast.com\/rilevamento-perdite\/","og_site_name":"ParmaSt","article_modified_time":"2026-04-10T14:04:13+00:00","twitter_card":"summary_large_image","twitter_misc":{"Est. reading time":"1 minute"},"schema":{"@context":"https:\/\/schema.org","@graph":[{"@type":"WebPage","@id":"https:\/\/parmast.com\/rilevamento-perdite\/","url":"https:\/\/parmast.com\/rilevamento-perdite\/","name":"Leak detection - ParmaSt","isPartOf":{"@id":"https:\/\/parmast.com\/#website"},"datePublished":"2026-02-10T10:01:32+00:00","dateModified":"2026-04-10T14:04:13+00:00","description":"Parma ST S.r.l. \u00e8 una societ\u00e0 che vanta pi\u00f9 di 30 anni di esperienza e ha come missione la consulenza e la distribuzione ufficiale dei cavi scaldanti","breadcrumb":{"@id":"https:\/\/parmast.com\/rilevamento-perdite\/#breadcrumb"},"inLanguage":"en-US","potentialAction":[{"@type":"ReadAction","target":["https:\/\/parmast.com\/rilevamento-perdite\/"]}]},{"@type":"BreadcrumbList","@id":"https:\/\/parmast.com\/rilevamento-perdite\/#breadcrumb","itemListElement":[{"@type":"ListItem","position":1,"name":"Home","item":"https:\/\/parmast.com\/en\/"},{"@type":"ListItem","position":2,"name":"Leak detection"}]},{"@type":"WebSite","@id":"https:\/\/parmast.com\/#website","url":"https:\/\/parmast.com\/","name":"ParmaSt","description":"","publisher":{"@id":"https:\/\/parmast.com\/#organization"},"potentialAction":[{"@type":"SearchAction","target":{"@type":"EntryPoint","urlTemplate":"https:\/\/parmast.com\/?s={search_term_string}"},"query-input":{"@type":"PropertyValueSpecification","valueRequired":true,"valueName":"search_term_string"}}],"inLanguage":"en-US"},{"@type":"Organization","@id":"https:\/\/parmast.com\/#organization","name":"PARMAST - consulenza e la distribuzione ufficiale dei cavi scaldanti","url":"https:\/\/parmast.com\/","logo":{"@type":"ImageObject","inLanguage":"en-US","@id":"https:\/\/parmast.com\/#\/schema\/logo\/image\/","url":"https:\/\/parmast.com\/wp-content\/uploads\/logo-parmast.png","contentUrl":"https:\/\/parmast.com\/wp-content\/uploads\/logo-parmast.png","width":880,"height":264,"caption":"PARMAST - consulenza e la distribuzione ufficiale dei cavi scaldanti"},"image":{"@id":"https:\/\/parmast.com\/#\/schema\/logo\/image\/"}}]}},"_links":{"self":[{"href":"https:\/\/parmast.com\/en\/wp-json\/wp\/v2\/pages\/4035","targetHints":{"allow":["GET"]}}],"collection":[{"href":"https:\/\/parmast.com\/en\/wp-json\/wp\/v2\/pages"}],"about":[{"href":"https:\/\/parmast.com\/en\/wp-json\/wp\/v2\/types\/page"}],"author":[{"embeddable":true,"href":"https:\/\/parmast.com\/en\/wp-json\/wp\/v2\/users\/5"}],"replies":[{"embeddable":true,"href":"https:\/\/parmast.com\/en\/wp-json\/wp\/v2\/comments?post=4035"}],"version-history":[{"count":5,"href":"https:\/\/parmast.com\/en\/wp-json\/wp\/v2\/pages\/4035\/revisions"}],"predecessor-version":[{"id":4267,"href":"https:\/\/parmast.com\/en\/wp-json\/wp\/v2\/pages\/4035\/revisions\/4267"}],"wp:attachment":[{"href":"https:\/\/parmast.com\/en\/wp-json\/wp\/v2\/media?parent=4035"}],"curies":[{"name":"wp","href":"https:\/\/api.w.org\/{rel}","templated":true}]}}